{"id":355,"date":"2021-03-30T15:15:20","date_gmt":"2021-03-30T12:15:20","guid":{"rendered":"https:\/\/www.kamelialines.com\/de\/reiserouten\/%cf%80%ce%b1%ce%be%ce%bf%ce%af-%ce%bb%ce%b5%cf%85%ce%ba%ce%af%ce%bc%ce%bc%ce%b7\/"},"modified":"2022-07-06T01:56:01","modified_gmt":"2022-07-05T22:56:01","slug":"paxos-lefkimmi","status":"publish","type":"page","link":"https:\/\/www.kamelialines.com\/de\/reiserouten\/paxos-lefkimmi\/","title":{"rendered":"Paxos &#8211; Lefkimmi"},"content":{"rendered":"<p>[vc_row][vc_column][vc_text_separator title=&#8220;Die Reiserouten f\u00fcr Paxos &#8211; Lefkimmi &#8211; Paxos Linien verkehren das ganze Jahr \u00fcber t\u00e4glich&#8220;]\r\n<div class=\"global-schedule\">\r\n\r\n\t<div class=\"row justify-content-center global-schedule-w global-schedule-wrapper\">\r\n\t\t<div class=\"col-12 col-sm-12 col-md-12 col-lg-6 col-xl-5\" id=\"inline-schedule-datepicker\">\r\n\t\t\t<form>\r\n\t\t\t\t<div class=\"form-main-body\" style=\"display:none;\">\r\n\t\t\t\t\t<div id=\"schedule-from-wrapper\" class=\"from-wrapper\" style=\"display:none;\">\r\n\t\t\t\t\t\t<label for=\"schedule-from\" style=\"display:none;\"><i class=\"fal fa-map-marker-alt\"><\/i> From<\/label>\r\n\t\t\t\t\t\t<select id=\"schedule-from\" style=\"display:none;\">\r\n\t\t\t\t\t\t\t<option value=\"PAX\">PAXOS<\/option>\r\n\t\t\t\t\t\t<\/select>\r\n\t\t\t\t\t<\/div>\r\n\t\t\t\t\t<div class=\"selerator\" style=\"display:none;\">\r\n\t\t\t\t\t\t<i class=\"fal fa-long-arrow-right\"><\/i>\r\n\t\t\t\t\t<\/div>\r\n\t\t\t\t\t<div id=\"schedule-to-wrapper\" class=\"to-wrapper\" style=\"display:none;\">\r\n\t\t\t\t\t\t<label for=\"schedule-to\" style=\"display:none;\"><i class=\"fal fa-map-marker-alt\"><\/i> To<\/label>\r\n\t\t\t\t\t\t<select id=\"schedule-to\" style=\"display:none;\">\r\n\t\t\t\t\t\t\t<option value=\"LFK\">LEFKIMMI<\/option>\r\n\t\t\t\t\t\t<\/select>\r\n\t\t\t\t\t<\/div>\r\n\t\t\t\t<\/div>\r\n\t\t\t\t<div id=\"schedule_datepicker\" class=\"global-schedule\"><\/div>\r\n\t\t\t<\/form>\r\n\t\t<\/div>\r\n\r\n\t\t<div class=\"col-12 col-sm-12 col-md-8 col-lg-6 col-xl-5 table-wrapper\">\r\n\r\n\t\t\t<div id=\"dromologia_result\"><\/div>\r\n\t\t\t\r\n\t\t\t<input type=\"hidden\" id=\"cache___results\" value=\"\" \/>\r\n\r\n\t\t<\/div>\r\n\r\n\t<\/div>\r\n\r\n<\/div>\r\n\r\n\t\t\t\t\r\n\r\n<p><a href=\"https:\/\/www.kamelialines.gr\/\" target=\"_blank\" rel=\"noopener noreferrer\">Kamelia Lines<\/a> verbindet Korfu, Igoumenitsa und Paxos im Ionischen Meer Tag. Sehen Sie hier die Tage und Uhrzeiten f\u00fcr die Route, die Sie interessiert, buchen Sie Ihr Ticket online und profitieren Sie von unseren Rabatten.<\/p>\r\n<p><strong>Mehr Details<\/strong><\/p>\r\n<ul style=\"margin-bottom: 35px;\">\r\n<li>Korfu ist \u00fcber den Hafen von Lefkimmi mit Paxos verbunden.<\/li>\r\n<li>Buchen Sie von Igoumenitsa aus Ihr Ticket mit <a href=\"https:\/\/www.lefkimmiferries.gr\/\" target=\"_blank\" rel=\"noopener noreferrer\">Lefkimmi Ferries<\/a> f\u00fcr Igoumenitsa - Lefkimmi und dort ist eine relevante Antwort Lefkimmi - Paxos mit <a href=\"https:\/\/www.kamelialines.gr\/\" target=\"_blank\" rel=\"noopener noreferrer\">Kamelia Lines<\/a>.<\/li>\r\n<\/ul>\r\n<div class=\"vc_row wpb_row vc_row-fluid\" style=\"margin-bottom: 15px;\">\r\n\t<div class=\"wpb_column vc_column_container vc_col-sm-3\">\r\n\t\t<div class=\"vc_column-inner\">\r\n\t\t\t<div class=\"wpb_wrapper\">\r\n\t\t\t\t<div class=\"vc_btn3-container vc_btn3-center\">\r\n\t\t\t\t\t<a class=\"vc_general vc_btn3 vc_btn3-size-md vc_btn3-shape-rounded vc_btn3-style-modern vc_btn3-color-primary\" href=\"https:\/\/www.kamelialines.com\/de\/reiserouten\/lefkimmi-paxos\/\" title=\"Lefkimmi \u2013 Paxos\">LEFKIMMI \u2013 PAXOS<\/a>\r\n\t\t\t\t<\/div>\r\n\t\t\t<\/div>\r\n\t\t<\/div>\r\n\t<\/div>\r\n\t<div class=\"wpb_column vc_column_container vc_col-sm-3\">\r\n\t\t<div class=\"vc_column-inner\">\r\n\t\t\t<div class=\"wpb_wrapper\">\r\n\t\t\t\t<div class=\"vc_btn3-container vc_btn3-center\">\r\n\t\t\t\t\t<a class=\"vc_general vc_btn3 vc_btn3-size-md vc_btn3-shape-rounded vc_btn3-style-modern vc_btn3-color-primary\" href=\"https:\/\/www.kamelialines.com\/de\/reiserouten\/paxos-lefkimmi\/\" title=\"Paxos \u2013 Lefkimmi\">PAXOS \u2013 LEFKIMMI<\/a>\r\n\t\t\t\t<\/div>\r\n\t\t\t<\/div>\r\n\t\t<\/div>\r\n\t<\/div>\r\n<\/div>[\/vc_column][\/vc_row]<\/p>\n","protected":false},"excerpt":{"rendered":"<p>[vc_row][vc_column][vc_text_separator title=&#8220;Die Reiserouten f\u00fcr Paxos &#8211; Lefkimmi &#8211; Paxos Linien verkehren das ganze Jahr \u00fcber t\u00e4glich&#8220;][\/vc_column][\/vc_row]<\/p>\n","protected":false},"author":2,"featured_media":0,"parent":322,"menu_order":0,"comment_status":"closed","ping_status":"closed","template":"","meta":{"footnotes":""},"class_list":["post-355","page","type-page","status-publish","hentry"],"yoast_head":"<!-- This site is optimized with the Yoast SEO plugin v26.4 - https:\/\/yoast.com\/wordpress\/plugins\/seo\/ -->\n<title>Paxos - Lefkimmi - Kamelia Lines<\/title>\n<meta name=\"robots\" content=\"index, follow, max-snippet:-1, max-image-preview:large, max-video-preview:-1\" \/>\n<link rel=\"canonical\" href=\"https:\/\/www.kamelialines.com\/de\/reiserouten\/paxos-lefkimmi\/\" \/>\n<meta property=\"og:locale\" content=\"de_DE\" \/>\n<meta property=\"og:type\" content=\"article\" \/>\n<meta property=\"og:title\" content=\"Paxos - Lefkimmi - Kamelia Lines\" \/>\n<meta property=\"og:description\" content=\"[vc_row][vc_column][vc_text_separator title=&#8220;Die Reiserouten f\u00fcr Paxos &#8211; Lefkimmi &#8211; Paxos Linien verkehren das ganze Jahr \u00fcber t\u00e4glich&#8220;][\/vc_column][\/vc_row]\" \/>\n<meta property=\"og:url\" content=\"https:\/\/www.kamelialines.com\/de\/reiserouten\/paxos-lefkimmi\/\" \/>\n<meta property=\"og:site_name\" content=\"Kamelia Lines\" \/>\n<meta property=\"article:modified_time\" content=\"2022-07-05T22:56:01+00:00\" \/>\n<meta property=\"og:image\" content=\"https:\/\/www.kamelialines.com\/wp-content\/uploads\/2021\/05\/kamelia-lines-facebook-image.jpg\" \/>\n\t<meta property=\"og:image:width\" content=\"1200\" \/>\n\t<meta property=\"og:image:height\" content=\"630\" \/>\n\t<meta property=\"og:image:type\" content=\"image\/jpeg\" \/>\n<meta name=\"twitter:card\" content=\"summary_large_image\" \/>\n<script type=\"application\/ld+json\" class=\"yoast-schema-graph\">{\"@context\":\"https:\/\/schema.org\",\"@graph\":[{\"@type\":\"WebPage\",\"@id\":\"https:\/\/www.kamelialines.com\/de\/reiserouten\/paxos-lefkimmi\/\",\"url\":\"https:\/\/www.kamelialines.com\/de\/reiserouten\/paxos-lefkimmi\/\",\"name\":\"Paxos - Lefkimmi - Kamelia Lines\",\"isPartOf\":{\"@id\":\"https:\/\/www.kamelialines.com\/#website\"},\"datePublished\":\"2021-03-30T12:15:20+00:00\",\"dateModified\":\"2022-07-05T22:56:01+00:00\",\"breadcrumb\":{\"@id\":\"https:\/\/www.kamelialines.com\/de\/reiserouten\/paxos-lefkimmi\/#breadcrumb\"},\"inLanguage\":\"de\",\"potentialAction\":[{\"@type\":\"ReadAction\",\"target\":[\"https:\/\/www.kamelialines.com\/de\/reiserouten\/paxos-lefkimmi\/\"]}]},{\"@type\":\"BreadcrumbList\",\"@id\":\"https:\/\/www.kamelialines.com\/de\/reiserouten\/paxos-lefkimmi\/#breadcrumb\",\"itemListElement\":[{\"@type\":\"ListItem\",\"position\":1,\"name\":\"Home\",\"item\":\"https:\/\/www.kamelialines.com\/de\/home\/\"},{\"@type\":\"ListItem\",\"position\":2,\"name\":\"Reiserouten\",\"item\":\"https:\/\/www.kamelialines.com\/de\/reiserouten\/\"},{\"@type\":\"ListItem\",\"position\":3,\"name\":\"Paxos &#8211; Lefkimmi\"}]},{\"@type\":\"WebSite\",\"@id\":\"https:\/\/www.kamelialines.com\/#website\",\"url\":\"https:\/\/www.kamelialines.com\/\",\"name\":\"Kamelia Lines\",\"description\":\"Welcome to Kamelia Lines!\",\"potentialAction\":[{\"@type\":\"SearchAction\",\"target\":{\"@type\":\"EntryPoint\",\"urlTemplate\":\"https:\/\/www.kamelialines.com\/?s={search_term_string}\"},\"query-input\":{\"@type\":\"PropertyValueSpecification\",\"valueRequired\":true,\"valueName\":\"search_term_string\"}}],\"inLanguage\":\"de\"}]}<\/script>\n<!-- \/ Yoast SEO plugin. -->","yoast_head_json":{"title":"Paxos - Lefkimmi - Kamelia Lines","robots":{"index":"index","follow":"follow","max-snippet":"max-snippet:-1","max-image-preview":"max-image-preview:large","max-video-preview":"max-video-preview:-1"},"canonical":"https:\/\/www.kamelialines.com\/de\/reiserouten\/paxos-lefkimmi\/","og_locale":"de_DE","og_type":"article","og_title":"Paxos - Lefkimmi - Kamelia Lines","og_description":"[vc_row][vc_column][vc_text_separator title=&#8220;Die Reiserouten f\u00fcr Paxos &#8211; Lefkimmi &#8211; Paxos Linien verkehren das ganze Jahr \u00fcber t\u00e4glich&#8220;][\/vc_column][\/vc_row]","og_url":"https:\/\/www.kamelialines.com\/de\/reiserouten\/paxos-lefkimmi\/","og_site_name":"Kamelia Lines","article_modified_time":"2022-07-05T22:56:01+00:00","og_image":[{"width":1200,"height":630,"url":"https:\/\/www.kamelialines.com\/wp-content\/uploads\/2021\/05\/kamelia-lines-facebook-image.jpg","type":"image\/jpeg"}],"twitter_card":"summary_large_image","schema":{"@context":"https:\/\/schema.org","@graph":[{"@type":"WebPage","@id":"https:\/\/www.kamelialines.com\/de\/reiserouten\/paxos-lefkimmi\/","url":"https:\/\/www.kamelialines.com\/de\/reiserouten\/paxos-lefkimmi\/","name":"Paxos - Lefkimmi - Kamelia Lines","isPartOf":{"@id":"https:\/\/www.kamelialines.com\/#website"},"datePublished":"2021-03-30T12:15:20+00:00","dateModified":"2022-07-05T22:56:01+00:00","breadcrumb":{"@id":"https:\/\/www.kamelialines.com\/de\/reiserouten\/paxos-lefkimmi\/#breadcrumb"},"inLanguage":"de","potentialAction":[{"@type":"ReadAction","target":["https:\/\/www.kamelialines.com\/de\/reiserouten\/paxos-lefkimmi\/"]}]},{"@type":"BreadcrumbList","@id":"https:\/\/www.kamelialines.com\/de\/reiserouten\/paxos-lefkimmi\/#breadcrumb","itemListElement":[{"@type":"ListItem","position":1,"name":"Home","item":"https:\/\/www.kamelialines.com\/de\/home\/"},{"@type":"ListItem","position":2,"name":"Reiserouten","item":"https:\/\/www.kamelialines.com\/de\/reiserouten\/"},{"@type":"ListItem","position":3,"name":"Paxos &#8211; Lefkimmi"}]},{"@type":"WebSite","@id":"https:\/\/www.kamelialines.com\/#website","url":"https:\/\/www.kamelialines.com\/","name":"Kamelia Lines","description":"Welcome to Kamelia Lines!","potentialAction":[{"@type":"SearchAction","target":{"@type":"EntryPoint","urlTemplate":"https:\/\/www.kamelialines.com\/?s={search_term_string}"},"query-input":{"@type":"PropertyValueSpecification","valueRequired":true,"valueName":"search_term_string"}}],"inLanguage":"de"}]}},"_links":{"self":[{"href":"https:\/\/www.kamelialines.com\/de\/wp-json\/wp\/v2\/pages\/355","targetHints":{"allow":["GET"]}}],"collection":[{"href":"https:\/\/www.kamelialines.com\/de\/wp-json\/wp\/v2\/pages"}],"about":[{"href":"https:\/\/www.kamelialines.com\/de\/wp-json\/wp\/v2\/types\/page"}],"author":[{"embeddable":true,"href":"https:\/\/www.kamelialines.com\/de\/wp-json\/wp\/v2\/users\/2"}],"replies":[{"embeddable":true,"href":"https:\/\/www.kamelialines.com\/de\/wp-json\/wp\/v2\/comments?post=355"}],"version-history":[{"count":8,"href":"https:\/\/www.kamelialines.com\/de\/wp-json\/wp\/v2\/pages\/355\/revisions"}],"predecessor-version":[{"id":1053,"href":"https:\/\/www.kamelialines.com\/de\/wp-json\/wp\/v2\/pages\/355\/revisions\/1053"}],"up":[{"embeddable":true,"href":"https:\/\/www.kamelialines.com\/de\/wp-json\/wp\/v2\/pages\/322"}],"wp:attachment":[{"href":"https:\/\/www.kamelialines.com\/de\/wp-json\/wp\/v2\/media?parent=355"}],"curies":[{"name":"wp","href":"https:\/\/api.w.org\/{rel}","templated":true}]}}